{"id":206,"date":"2012-11-09T20:23:08","date_gmt":"2012-11-09T20:23:08","guid":{"rendered":"http:\/\/www.eurodamen.com\/damen\/?page_id=206"},"modified":"2020-12-17T17:17:31","modified_gmt":"2020-12-17T16:17:31","slug":"mujeres-rusas","status":"publish","type":"page","link":"https:\/\/www.eurodamen.com\/es\/mujeres-rusas\/","title":{"rendered":"Las mujeres rusas"},"content":{"rendered":"<p class=\"entry-title\"><div class=\"magency\">\n\t<div class=\"gl-wrapper\">\n\t\t<div class=\"swiper-container gallery\">\n\t\t\t<div class=\"swiper-wrapper\">\n\t\t\t\n\t\t\t\t<div class=\"swiper-slide\">\n\t\t\t  \t\t<a href=\"https:\/\/www.eurodamen.com\/es\/mujeres\/9133\/\" class=\"img\">\n\t\t\t  \t\t\t<img decoding=\"async\" src=\"https:\/\/www.eurodamen.com\/photos\/91331.jpg\" alt=\"Olga, (45)\" title=\"Olga de Kiev\"\/>\n\t\t\t  \t\t\t<p class=\"name\">Olga, 45<\/p>\n\t\t\t  \t\t\t<p class=\"name city\">Kiev, Ucrania<\/p>\n\t\t\t  \t\t<\/a>\n\t\t\t  \t<\/div>\n\t\t\t\n\t\t\t\t<div class=\"swiper-slide\">\n\t\t\t  \t\t<a href=\"https:\/\/www.eurodamen.com\/es\/mujeres\/9132\/\" class=\"img\">\n\t\t\t  \t\t\t<img decoding=\"async\" src=\"https:\/\/www.eurodamen.com\/photos\/91321.jpg\" alt=\"Aleksandra, (34)\" title=\"Aleksandra de ahora Polonia\"\/>\n\t\t\t  \t\t\t<p class=\"name\">Aleksandra, 34<\/p>\n\t\t\t  \t\t\t<p class=\"name city\">ahora Polonia, Ucrania<\/p>\n\t\t\t  \t\t<\/a>\n\t\t\t  \t<\/div>\n\t\t\t\n\t\t\t\t<div class=\"swiper-slide\">\n\t\t\t  \t\t<a href=\"https:\/\/www.eurodamen.com\/es\/mujeres\/9129\/\" class=\"img\">\n\t\t\t  \t\t\t<img decoding=\"async\" src=\"https:\/\/www.eurodamen.com\/photos\/91291.jpg\" alt=\"Aleksandra, (28)\" title=\"Aleksandra de Kiev\"\/>\n\t\t\t  \t\t\t<p class=\"name\">Aleksandra, 28<\/p>\n\t\t\t  \t\t\t<p class=\"name city\">Kiev, Ucrania<\/p>\n\t\t\t  \t\t<\/a>\n\t\t\t  \t<\/div>\n\t\t\t\n\t\t\t\t<div class=\"swiper-slide\">\n\t\t\t  \t\t<a href=\"https:\/\/www.eurodamen.com\/es\/mujeres\/9126\/\" class=\"img\">\n\t\t\t  \t\t\t<img decoding=\"async\" src=\"https:\/\/www.eurodamen.com\/photos\/91261.jpg\" alt=\"Julia, (32)\" title=\"Julia de ahora Turqu\u00eda\"\/>\n\t\t\t  \t\t\t<p class=\"name\">Julia, 32<\/p>\n\t\t\t  \t\t\t<p class=\"name city\">ahora Turqu\u00eda, Ucrania<\/p>\n\t\t\t  \t\t<\/a>\n\t\t\t  \t<\/div>\n\t\t\t\n\t\t\t\t<div class=\"swiper-slide\">\n\t\t\t  \t\t<a href=\"https:\/\/www.eurodamen.com\/es\/mujeres\/9125\/\" class=\"img\">\n\t\t\t  \t\t\t<img decoding=\"async\" src=\"https:\/\/www.eurodamen.com\/photos\/91251.jpg\" alt=\"Julia, (39)\" title=\"Julia de ahora Francia\"\/>\n\t\t\t  \t\t\t<p class=\"name\">Julia, 39<\/p>\n\t\t\t  \t\t\t<p class=\"name city\">ahora Francia, Ucrania<\/p>\n\t\t\t  \t\t<\/a>\n\t\t\t  \t<\/div>\n\t\t\t\n\t\t\t\t<div class=\"swiper-slide\">\n\t\t\t  \t\t<a href=\"https:\/\/www.eurodamen.com\/es\/mujeres\/9123\/\" class=\"img\">\n\t\t\t  \t\t\t<img decoding=\"async\" src=\"https:\/\/www.eurodamen.com\/photos\/91231.jpg\" alt=\"Iryna, (35)\" title=\"Iryna de Kiev\"\/>\n\t\t\t  \t\t\t<p class=\"name\">Iryna, 35<\/p>\n\t\t\t  \t\t\t<p class=\"name city\">Kiev, Ucrania<\/p>\n\t\t\t  \t\t<\/a>\n\t\t\t  \t<\/div>\n\t\t\t\n\t\t\t\t<div class=\"swiper-slide\">\n\t\t\t  \t\t<a href=\"https:\/\/www.eurodamen.com\/es\/mujeres\/9122\/\" class=\"img\">\n\t\t\t  \t\t\t<img decoding=\"async\" src=\"https:\/\/www.eurodamen.com\/photos\/91221.jpg\" alt=\"Julia, (46)\" title=\"Julia de Kiev\"\/>\n\t\t\t  \t\t\t<p class=\"name\">Julia, 46<\/p>\n\t\t\t  \t\t\t<p class=\"name city\">Kiev, Ucrania<\/p>\n\t\t\t  \t\t<\/a>\n\t\t\t  \t<\/div>\n\t\t\t\n\t\t\t\t<div class=\"swiper-slide\">\n\t\t\t  \t\t<a href=\"https:\/\/www.eurodamen.com\/es\/mujeres\/9121\/\" class=\"img\">\n\t\t\t  \t\t\t<img decoding=\"async\" src=\"https:\/\/www.eurodamen.com\/photos\/91211.jpg\" alt=\"Iryna, (46)\" title=\"Iryna de Kharkov\"\/>\n\t\t\t  \t\t\t<p class=\"name\">Iryna, 46<\/p>\n\t\t\t  \t\t\t<p class=\"name city\">Kharkov, Ucrania<\/p>\n\t\t\t  \t\t<\/a>\n\t\t\t  \t<\/div>\n\t\t\t\n\t\t\t<\/div>\t\t\n\t\t<\/div>\n\t\t<div class=\"swiper-button-prev gl-prev\"><\/div>\n\t\t<div class=\"swiper-button-next gl-next\"><\/div>\n\t<\/div>\n\t\n<\/div>\n<\/p>\n<h1>Las mujeres rusas<\/h1>\n<h2>1 Qu\u00e9 importa si quiere casarse con mujeres rusas!<\/h2>\n<p>Por qu\u00e9 las mujeres rusas y ucranianas buscan pareja en el extranjero, por ejemplo en Espa\u00f1a?<\/p>\n<p>Ya hemos tratado este tema en detalle en nuestro art\u00edculo \u201cAcerca de las\u00a0<a href=\"https:\/\/www.eurodamen.com\/es\/sobre-las-mujeres-ucranianas\/\">mujeres ucranianas<\/a>\u201c. Otra raz\u00f3n importante que a\u00fan no se ha mencionado es la demograf\u00eda, m\u00e1s precisamente, la distribuci\u00f3n estad\u00edstica de hombres y mujeres en la sociedad rusa y ucraniana. Mire este gr\u00e1fico:<\/p>\n<p>&nbsp;<\/p>\n<p><img loading=\"lazy\" decoding=\"async\" class=\"\" src=\"https:\/\/www.eurodamen.com\/images\/Geschlechterverteilung.png\" alt=\"\" width=\"628\" height=\"290\" \/><\/p>\n<p>&nbsp;<\/p>\n<p>Los pa\u00edses en los que hay m\u00e1s mujeres que hombres est\u00e1n marcados en azul. En rojo los pa\u00edses donde es la situaci\u00f3n es al rev\u00e9s, por lo que hay m\u00e1s hombres que mujeres. Cuanto m\u00e1s profundo es el azul, mayor es el desequilibrio. Nota algo? Exactamente, en Rusia y Ucrania y en algunos otros pa\u00edses de la antigua Uni\u00f3n Sovi\u00e9tica, existe el mayor desequilibrio en la distribuci\u00f3n de g\u00e9nero de todo el mundo. En Rusia y Ucrania hay casi 116 mujeres rusas por cada 100 hombres. Esto es \u00fanico en el mundo. En la comparaci\u00f3n de pa\u00edses de distribuci\u00f3n de g\u00e9nero en\u00a0<u>Wikipedia<\/u>, Rusia, Bielorrusia y Ucrania est\u00e1n en las primeras posiciones con poco menos de 87 hombres por cada 100 mujeres.<\/p>\n<p>&nbsp;<\/p>\n<p>Qu\u00e9 significa esto para las mujeres rusas que buscan pareja? Es mucho m\u00e1s dif\u00edcil para estas mujeres encontrar un hombre que, por ejemplo, para las mujeres en Europa occidental, los Estados Unidos o el sudeste asi\u00e1tico. No importa cu\u00e1n atractivas, bonitas y educadas sean las mujeres. Estad\u00edsticamente, un n\u00famero significativo de mujeres rusas deben quedar en el camino. Por lo tanto, es perfectamente normal que las mujeres de Rusia o Ucrania busquen la pareja adecuada en el extranjero a trav\u00e9s de una agencia de citas, lejos de todos los clich\u00e9s, es simplemente una consecuencia estad\u00edstica.<\/p>\n<p>&nbsp;<\/p>\n<h2>2 Mujeres rusas: idiosincrasia cultural de la sociedad rusa y ucraniana<\/h2>\n<p>&nbsp;<\/p>\n<p>\u2013 Tema de flores: como para todas las mujeres, las flores son siempre un regalo de bienvenida para las mujeres de Rusia. En general, los<a href=\"https:\/\/www.eurodamen.com\/es\/regalos-perfectos-para-las-mujeres-de-ucrania\/\">\u00a0regalos<\/a>\u00a0para las\u00a0<u>mujeres rusas<\/u>, pero tambi\u00e9n para otras mujeres de Europa del Este, son un signo de atenci\u00f3n y respeto. El valor del regalo es menos importante que la disposici\u00f3n a regalar algo. De vuelta a las flores: si le regala flores a una mujer rusa y la familia de la mujer est\u00e1 presente, tambi\u00e9n debe pensar en regalarle algo a la madre, a la abuela, etc. Aseg\u00farese de dar siempre un n\u00famero impar de flores y no, como es costumbre para nosotros, media o una docena de flores, porque las flores en este n\u00famero se regalan para los funerales en Rusia y ese es realmente el \u00faltimo pensamiento que su mujer, rusa mirando el ramo de flores, deber\u00eda tener.<\/p>\n<p>&nbsp;<\/p>\n<p>\u2013 Navidad: en Espa\u00f1a, la Navidad \/ A\u00f1o Nuevo generalmente termina alrededor del 2 de enero. En Rusia y Ucrania, este per\u00edodo comienza alrededor del 30 de diciembre y termina a mediados de enero, alrededor del 14 de enero. La Navidad ortodoxa se celebra el 7 de enero. En Rusia y Ucrania, el 1 de enero es tan importante como el 24\/25\/26 de diciembre, con la excepci\u00f3n del componente religioso. Se decora un \u00e1rbol de A\u00f1o Nuevo (Y\u00f6lka) y nunca llega Santa Claus, sino el abuelo Hielo (\u201cFrost\u201d) y su nieta Copo de Nieve (\u201cSchneefl\u00f6ckchen\u201d). Importante saber: la vida p\u00fablica descansa esencialmente hasta el 15 de enero en todo el pa\u00eds y muchas mujeres visitan a sus familiares o se van de vacaciones. Deber\u00eda considerar esto si est\u00e1 planeando un viaje a Rusia durante este tiempo.<\/p>\n<p>&nbsp;<\/p>\n<p>\u2013 D\u00eda de la Mujer: el D\u00eda Internacional de la Mujer (8 de marzo) juega un papel importante en todos los estados de la antigua Uni\u00f3n Sovi\u00e9tica y en Europa del Este. En este d\u00eda, los hombres regalan flores a las mujeres y las felicitan y les dan buenos deseos(Vosmoye Marta). Si hay un equivalente para este d\u00eda en Occidente, probablemente sea el d\u00eda de San Valent\u00edn con nosotros.<\/p>\n<p>&nbsp;<\/p>\n<p>\u2013 Besos: nunca bese a una rusa o ucraniana en la frente, este beso se usa para despedirse de los muertos en los funerales en Rusia. Si quieres saludar a amigos y familiares, se hace dando tres besos en las mejillas. Cuando conoces a alguien por primera vez, sin embargo, esto no se espera, se saluda a las personas con las que se est\u00e1 en contacto m\u00e1s cercano.<\/p>\n<p>&nbsp;<\/p>\n<p><img loading=\"lazy\" decoding=\"async\" class=\"alignnone\" title=\"Mujer rusa con uniforme\" src=\"https:\/\/www.eurodamen.com\/images\/Russische%20Frauen.jpg\" alt=\"Mujer rusa con uniforme\" width=\"300\" height=\"207\" \/><\/p>\n<p>&nbsp;<\/p>\n<h2><\/h2>\n<h2>3.\u00a0 Mujeres rusas y diferencia de edad<\/h2>\n<p>&nbsp;<\/p>\n<p>Es importante ser realista ante esta pregunta. Un hombre de 60 a\u00f1os no deber\u00eda ser tan ingenuo y creer que una rusa de unos veinte a\u00f1os ser\u00eda una buena opci\u00f3n para \u00e9l.\u00a0<strong>Las mujeres rusas<\/strong>\u00a0generalmente buscan a un hombre que sea mayor que ellas mismas, buscan a un hombre que haya logrado algo en la vida, que tenga experiencia y est\u00e9 dispuesto a asumir responsabilidades. Los hombres occidentales son a menudo la opci\u00f3n ideal para una mujer rusa porque a menudo ya se han casado en el pasado, est\u00e1n atentas y generalmente tienen entre veinte y treinta o cuarenta a\u00f1os. No es raro en Rusia ver a un hombre al final de los treinta a\u00f1os con una jovencita. Pero incluso si esto es alentador para muchos hombres que buscan una mujer m\u00e1s joven, es importante tener expectativas realistas. Por el contrario, tambi\u00e9n es cierto que las mujeres rara vez aceptan a un hombre m\u00e1s joven.<\/p>\n<p>&nbsp;<\/p>\n<p><strong>C\u00f3mo juzgan las mujeres rusas su propia edad?<\/strong><\/p>\n<p>&nbsp;<\/p>\n<p><a href=\"https:\/\/www.eurodamen.com\/es\/galeria-de-fotos\/\">Las mujeres rusas<\/a>\u00a0ven su edad mucho m\u00e1s cr\u00edticamente que las mujeres en Occidente. Una mujer en Rusia tiene su mejor momento desde comienzo a mediados de los veinte a\u00f1os y generalmente al llegar a los 30 a\u00f1os est\u00e1 casada y tiene hijos. Una rusa soltera sobre los 25 a\u00f1os se ve algo \u201crara\u201d en la sociedad rusa, porque en la era sovi\u00e9tica se alent\u00f3 a las mujeres rusas a casarse y tener hijos hasta los 22 a\u00f1os. Las mujeres de Rusia mayores de 30 a\u00f1os a menudo se sienten mayores de lo que realmente son. Muchas de las mujeres mayores de 30 a\u00f1os que encuentras en una agencia internacional de citas a menudo est\u00e1n divorciadas y tienen hijos. Este tambi\u00e9n parece ser el caso de las mujeres de los pa\u00edses occidentales, pero con una diferencia: las mujeres rusas generalmente se ven 10 a\u00f1os m\u00e1s j\u00f3venes de lo que realmente son. No es raro que una mujer rusa de unos cuarenta a\u00f1os parezca una joven de 28 a\u00f1os o incluso m\u00e1s joven.<\/p>\n","protected":false},"excerpt":{"rendered":"<p>Las mujeres rusas 1 Qu\u00e9 importa si quiere casarse con mujeres rusas! Por qu\u00e9 las mujeres rusas y ucranianas buscan pareja en el extranjero, por ejemplo en Espa\u00f1a? Ya hemos tratado este tema en detalle en nuestro art\u00edculo \u201cAcerca de <br \/><a class=\"read-more\" href=\"https:\/\/www.eurodamen.com\/es\/mujeres-rusas\/\">&gt;&gt;&gt; al art\u00edculo completo<\/a><\/p>\n","protected":false},"author":1,"featured_media":0,"parent":0,"menu_order":0,"comment_status":"open","ping_status":"open","template":"","meta":{"footnotes":""},"class_list":["post-206","page","type-page","status-publish"],"yoast_head":"<!-- This site is optimized with the Yoast SEO plugin v26.9 - https:\/\/yoast.com\/product\/yoast-seo-wordpress\/ -->\n<title>Mujeres rusas - Por qu\u00e9 las mujeres rusas y ucranianas buscan pareja en el extranjero<\/title>\n<meta name=\"description\" content=\"Qu\u00e9 significa esto para las mujeres rusas que buscan pareja? Es mucho m\u00e1s dif\u00edcil para estas mujeres encontrar un hombre que, por ejemplo, para las mujeres en Europa occidental, los Estados Unidos o el sudeste asi\u00e1tico.\" \/>\n<meta name=\"robots\" content=\"index, follow, max-snippet:-1, max-image-preview:large, max-video-preview:-1\" \/>\n<!-- \/ Yoast SEO plugin. -->","yoast_head_json":{"title":"Mujeres rusas - Por qu\u00e9 las mujeres rusas y ucranianas buscan pareja en el extranjero","description":"Qu\u00e9 significa esto para las mujeres rusas que buscan pareja? Es mucho m\u00e1s dif\u00edcil para estas mujeres encontrar un hombre que, por ejemplo, para las mujeres en Europa occidental, los Estados Unidos o el sudeste asi\u00e1tico.","robots":{"index":"index","follow":"follow","max-snippet":"max-snippet:-1","max-image-preview":"max-image-preview:large","max-video-preview":"max-video-preview:-1"},"schema":{"@context":"https:\/\/schema.org","@graph":[{"@type":"WebPage","@id":"https:\/\/www.eurodamen.com\/es\/mujeres-rusas\/","url":"https:\/\/www.eurodamen.com\/es\/mujeres-rusas\/","name":"Mujeres rusas - Por qu\u00e9 las mujeres rusas y ucranianas buscan pareja en el extranjero","isPartOf":{"@id":"https:\/\/www.eurodamen.com\/es\/#website"},"primaryImageOfPage":{"@id":"https:\/\/www.eurodamen.com\/es\/mujeres-rusas\/#primaryimage"},"image":{"@id":"https:\/\/www.eurodamen.com\/es\/mujeres-rusas\/#primaryimage"},"thumbnailUrl":"https:\/\/www.eurodamen.com\/images\/Geschlechterverteilung.png","datePublished":"2012-11-09T20:23:08+00:00","dateModified":"2020-12-17T16:17:31+00:00","description":"Qu\u00e9 significa esto para las mujeres rusas que buscan pareja? Es mucho m\u00e1s dif\u00edcil para estas mujeres encontrar un hombre que, por ejemplo, para las mujeres en Europa occidental, los Estados Unidos o el sudeste asi\u00e1tico.","breadcrumb":{"@id":"https:\/\/www.eurodamen.com\/es\/mujeres-rusas\/#breadcrumb"},"inLanguage":"en-US","potentialAction":[{"@type":"ReadAction","target":["https:\/\/www.eurodamen.com\/es\/mujeres-rusas\/"]}]},{"@type":"ImageObject","inLanguage":"en-US","@id":"https:\/\/www.eurodamen.com\/es\/mujeres-rusas\/#primaryimage","url":"https:\/\/www.eurodamen.com\/images\/Geschlechterverteilung.png","contentUrl":"https:\/\/www.eurodamen.com\/images\/Geschlechterverteilung.png"},{"@type":"BreadcrumbList","@id":"https:\/\/www.eurodamen.com\/es\/mujeres-rusas\/#breadcrumb","itemListElement":[{"@type":"ListItem","position":1,"name":"Home","item":"https:\/\/www.eurodamen.com\/es\/"},{"@type":"ListItem","position":2,"name":"Las mujeres rusas"}]},{"@type":"WebSite","@id":"https:\/\/www.eurodamen.com\/es\/#website","url":"https:\/\/www.eurodamen.com\/es\/","name":"eurodamen.com","description":"Partnervermittlung fur den anspruchsvollen Kunden","potentialAction":[{"@type":"SearchAction","target":{"@type":"EntryPoint","urlTemplate":"https:\/\/www.eurodamen.com\/es\/?s={search_term_string}"},"query-input":{"@type":"PropertyValueSpecification","valueRequired":true,"valueName":"search_term_string"}}],"inLanguage":"en-US"}]}},"_links":{"self":[{"href":"https:\/\/www.eurodamen.com\/es\/wp-json\/wp\/v2\/pages\/206","targetHints":{"allow":["GET"]}}],"collection":[{"href":"https:\/\/www.eurodamen.com\/es\/wp-json\/wp\/v2\/pages"}],"about":[{"href":"https:\/\/www.eurodamen.com\/es\/wp-json\/wp\/v2\/types\/page"}],"author":[{"embeddable":true,"href":"https:\/\/www.eurodamen.com\/es\/wp-json\/wp\/v2\/users\/1"}],"replies":[{"embeddable":true,"href":"https:\/\/www.eurodamen.com\/es\/wp-json\/wp\/v2\/comments?post=206"}],"version-history":[{"count":44,"href":"https:\/\/www.eurodamen.com\/es\/wp-json\/wp\/v2\/pages\/206\/revisions"}],"predecessor-version":[{"id":3352,"href":"https:\/\/www.eurodamen.com\/es\/wp-json\/wp\/v2\/pages\/206\/revisions\/3352"}],"wp:attachment":[{"href":"https:\/\/www.eurodamen.com\/es\/wp-json\/wp\/v2\/media?parent=206"}],"curies":[{"name":"wp","href":"https:\/\/api.w.org\/{rel}","templated":true}]}}