{"id":823,"date":"2018-09-24T20:58:48","date_gmt":"2018-09-24T18:58:48","guid":{"rendered":"http:\/\/www.eurodamen.com\/?page_id=823"},"modified":"2020-10-15T20:30:34","modified_gmt":"2020-10-15T18:30:34","slug":"mujeres-rumanas","status":"publish","type":"page","link":"https:\/\/www.eurodamen.com\/es\/mujeres-rumanas\/","title":{"rendered":"Mujeres rumanas"},"content":{"rendered":"<div class=\"magency\">\n\t<div class=\"gl-wrapper\">\n\t\t<div class=\"swiper-container gallery\">\n\t\t\t<div class=\"swiper-wrapper\">\n\t\t\t\n\t\t\t\t<div class=\"swiper-slide\">\n\t\t\t  \t\t<a href=\"https:\/\/www.eurodamen.com\/es\/mujeres\/9133\/\" class=\"img\">\n\t\t\t  \t\t\t<img decoding=\"async\" src=\"https:\/\/www.eurodamen.com\/photos\/91331.jpg\" alt=\"Olga, (45)\" title=\"Olga de Kiev\"\/>\n\t\t\t  \t\t\t<p class=\"name\">Olga, 45<\/p>\n\t\t\t  \t\t\t<p class=\"name city\">Kiev, Ucrania<\/p>\n\t\t\t  \t\t<\/a>\n\t\t\t  \t<\/div>\n\t\t\t\n\t\t\t\t<div class=\"swiper-slide\">\n\t\t\t  \t\t<a href=\"https:\/\/www.eurodamen.com\/es\/mujeres\/9132\/\" class=\"img\">\n\t\t\t  \t\t\t<img decoding=\"async\" src=\"https:\/\/www.eurodamen.com\/photos\/91321.jpg\" alt=\"Aleksandra, (34)\" title=\"Aleksandra de ahora Polonia\"\/>\n\t\t\t  \t\t\t<p class=\"name\">Aleksandra, 34<\/p>\n\t\t\t  \t\t\t<p class=\"name city\">ahora Polonia, Ucrania<\/p>\n\t\t\t  \t\t<\/a>\n\t\t\t  \t<\/div>\n\t\t\t\n\t\t\t\t<div class=\"swiper-slide\">\n\t\t\t  \t\t<a href=\"https:\/\/www.eurodamen.com\/es\/mujeres\/9129\/\" class=\"img\">\n\t\t\t  \t\t\t<img decoding=\"async\" src=\"https:\/\/www.eurodamen.com\/photos\/91291.jpg\" alt=\"Aleksandra, (28)\" title=\"Aleksandra de Kiev\"\/>\n\t\t\t  \t\t\t<p class=\"name\">Aleksandra, 28<\/p>\n\t\t\t  \t\t\t<p class=\"name city\">Kiev, Ucrania<\/p>\n\t\t\t  \t\t<\/a>\n\t\t\t  \t<\/div>\n\t\t\t\n\t\t\t\t<div class=\"swiper-slide\">\n\t\t\t  \t\t<a href=\"https:\/\/www.eurodamen.com\/es\/mujeres\/9126\/\" class=\"img\">\n\t\t\t  \t\t\t<img decoding=\"async\" src=\"https:\/\/www.eurodamen.com\/photos\/91261.jpg\" alt=\"Julia, (32)\" title=\"Julia de ahora Turqu\u00eda\"\/>\n\t\t\t  \t\t\t<p class=\"name\">Julia, 32<\/p>\n\t\t\t  \t\t\t<p class=\"name city\">ahora Turqu\u00eda, Ucrania<\/p>\n\t\t\t  \t\t<\/a>\n\t\t\t  \t<\/div>\n\t\t\t\n\t\t\t\t<div class=\"swiper-slide\">\n\t\t\t  \t\t<a href=\"https:\/\/www.eurodamen.com\/es\/mujeres\/9125\/\" class=\"img\">\n\t\t\t  \t\t\t<img decoding=\"async\" src=\"https:\/\/www.eurodamen.com\/photos\/91251.jpg\" alt=\"Julia, (39)\" title=\"Julia de ahora Francia\"\/>\n\t\t\t  \t\t\t<p class=\"name\">Julia, 39<\/p>\n\t\t\t  \t\t\t<p class=\"name city\">ahora Francia, Ucrania<\/p>\n\t\t\t  \t\t<\/a>\n\t\t\t  \t<\/div>\n\t\t\t\n\t\t\t\t<div class=\"swiper-slide\">\n\t\t\t  \t\t<a href=\"https:\/\/www.eurodamen.com\/es\/mujeres\/9123\/\" class=\"img\">\n\t\t\t  \t\t\t<img decoding=\"async\" src=\"https:\/\/www.eurodamen.com\/photos\/91231.jpg\" alt=\"Iryna, (35)\" title=\"Iryna de Kiev\"\/>\n\t\t\t  \t\t\t<p class=\"name\">Iryna, 35<\/p>\n\t\t\t  \t\t\t<p class=\"name city\">Kiev, Ucrania<\/p>\n\t\t\t  \t\t<\/a>\n\t\t\t  \t<\/div>\n\t\t\t\n\t\t\t\t<div class=\"swiper-slide\">\n\t\t\t  \t\t<a href=\"https:\/\/www.eurodamen.com\/es\/mujeres\/9122\/\" class=\"img\">\n\t\t\t  \t\t\t<img decoding=\"async\" src=\"https:\/\/www.eurodamen.com\/photos\/91221.jpg\" alt=\"Julia, (46)\" title=\"Julia de Kiev\"\/>\n\t\t\t  \t\t\t<p class=\"name\">Julia, 46<\/p>\n\t\t\t  \t\t\t<p class=\"name city\">Kiev, Ucrania<\/p>\n\t\t\t  \t\t<\/a>\n\t\t\t  \t<\/div>\n\t\t\t\n\t\t\t\t<div class=\"swiper-slide\">\n\t\t\t  \t\t<a href=\"https:\/\/www.eurodamen.com\/es\/mujeres\/9121\/\" class=\"img\">\n\t\t\t  \t\t\t<img decoding=\"async\" src=\"https:\/\/www.eurodamen.com\/photos\/91211.jpg\" alt=\"Iryna, (46)\" title=\"Iryna de Kharkov\"\/>\n\t\t\t  \t\t\t<p class=\"name\">Iryna, 46<\/p>\n\t\t\t  \t\t\t<p class=\"name city\">Kharkov, Ucrania<\/p>\n\t\t\t  \t\t<\/a>\n\t\t\t  \t<\/div>\n\t\t\t\n\t\t\t<\/div>\t\t\n\t\t<\/div>\n\t\t<div class=\"swiper-button-prev gl-prev\"><\/div>\n\t\t<div class=\"swiper-button-next gl-next\"><\/div>\n\t<\/div>\n\t\n<\/div>\n\n<h1>Mujeres rumanas \u00a0en \u00a0agencias de citas<\/h1>\n<p>30 a\u00f1os despu\u00e9s del cambio, Rumania es el pa\u00eds m\u00e1s pobre de la Comunidad Europea. La pobreza, la violaci\u00f3n por parte de familiares est\u00e1n a la orden del d\u00eda y la violencia dom\u00e9stica llevan a muchas j\u00f3venes rumanas que ya tienen varios hijos en casa a la prostituci\u00f3n y al mercado matrimonial europeo.<\/p>\n<p>Las agencias de citas de dudosa reputaci\u00f3n generalmente realizan giras promocionales en los distritos empobrecidos y sin educaci\u00f3n para incluir a estas j\u00f3venes rumanas en sus archivos.<\/p>\n<p>A la mayor\u00eda de estas mujeres pobres se les hace creer que en el Occidente rico, como Espa\u00f1a, se encontrar\u00e1 r\u00e1pidamente a un hombre como el proveedor de toda la familia.<\/p>\n<p>Por supuesto, el servicio de citas no menciona que muchas mujeres han abortado a sus hijos o han abortado varias veces. El aborto sigue siendo el primer<u> m\u00e9todo anticonceptivo en Rumania<\/u> y m\u00e1s barato que la p\u00edldora.<\/p>\n<p>Rumania tiene una de las tasas de aborto m\u00e1s altas de la Comunidad Europea.<\/p>\n<p>La mayor\u00eda de estas pobres mujeres no tienen educaci\u00f3n y no tienen nada m\u00e1s que su cuerpo sexy, que luego venden al primer hombre ingenuo. El amor y los sentimientos son fingidos, ya que muchas de las mujeres rumanas pobres apenas han recibido amor en sus familias. Por lo tanto, no es sorprendente que estas mujeres se vuelvan r\u00e1pidamente maliciosas, exigentes y desagradables tan pronto como el hombre cierre la llave. En contraste, los reclamos de mantenimiento inadecuados son inofensivos.<\/p>\n<p>Saludos desde los Balcanes, ya que las fronteras est\u00e1n abiertas y una agencia de citas de dudosa reputaci\u00f3n que se especializa en mujeres rumanas tiene un trabajo f\u00e1cil para encontrar mujeres rumanas. Aqu\u00ed s\u00f3lo cuenta la masa en lugar de la clase, la educaci\u00f3n y los buenos modales.<\/p>\n<p>Muchos hombres ingenuos o simplemente afligidos de Espa\u00f1a est\u00e1n cegados y les encanta aprovechar las ofertas baratas de las agencias de citas en Rumania.<\/p>\n<p>Al principio, no les preocupa la posici\u00f3n de las mujeres en Rumania ni la familia. El mal despertar se produce cuando el espa\u00f1ol est\u00e1 en el trabajo y toda la familia rumana ha viajado para vaciar su apartamento.<\/p>\n<p>Debe tener esto en cuenta antes de contactar un servicio de citas barato con mujeres rumanas.<\/p>\n<p>Origen, situaci\u00f3n, enfermedades y educaci\u00f3n de las mujeres, as\u00ed como estado civil y n\u00famero de hijos. El VIH es un tema delicado en Rumania. Es por eso que se hace obligatoriamente un test antes del matrimonio en Rumania entre las parejas rumanas.<\/p>\n<p>Hag\u00e1monos una pregunta simple: son las mujeres rumanas peores que las <u><a href=\"https:\/\/www.eurodamen.com\/es\/los-pros-y-los-contras-de-encontrar-una-mujer-ucraniana\/\">mujeres ucranianas<\/a>?<\/u><\/p>\n<p>En principio no, porque los derechos humanos y la dignidad humana son lo primero para todas las personas en Europa. De eso podemos estar orgullosos.Sin embargo, si se compara el mercado matrimonial en Rumania frente al de Ucrania, Rumania y sus mujeres tienen un gran factor de riesgo para un hombre espa\u00f1ol. Hoy Ucrania con las mujeres ucranianas es m\u00e1s europea que Ruman\u00eda que quiz\u00e1 lo podr\u00eda ser en unos diez a\u00f1os<\/p>\n<p>&nbsp;<\/p>\n","protected":false},"excerpt":{"rendered":"<p>Mujeres rumanas \u00a0en \u00a0agencias de citas 30 a\u00f1os despu\u00e9s del cambio, Rumania es el pa\u00eds m\u00e1s pobre de la Comunidad Europea. La pobreza, la violaci\u00f3n por parte de familiares est\u00e1n a la orden del d\u00eda y la violencia dom\u00e9stica llevan <br \/><a class=\"read-more\" href=\"https:\/\/www.eurodamen.com\/es\/mujeres-rumanas\/\">&gt;&gt;&gt; al art\u00edculo completo<\/a><\/p>\n","protected":false},"author":1,"featured_media":0,"parent":0,"menu_order":0,"comment_status":"open","ping_status":"open","template":"onecolumn-page.php","meta":{"footnotes":""},"class_list":["post-823","page","type-page","status-publish"],"yoast_head":"<!-- This site is optimized with the Yoast SEO plugin v26.9 - https:\/\/yoast.com\/product\/yoast-seo-wordpress\/ -->\n<title>Mujeres rumanas \u00a0en \u00a0agencias de citas<\/title>\n<meta name=\"description\" content=\"30 a\u00f1os despu\u00e9s del cambio, Rumania es el pa\u00eds m\u00e1s pobre de la Comunidad Europea. La pobreza, la violaci\u00f3n por parte de familiares est\u00e1n a la orden del d\u00eda y la violencia dom\u00e9stica llevan a muchas j\u00f3venes rumanas que ya tienen varios hijos en casa a la prostituci\u00f3n y al mercado matrimonial europeo.\" \/>\n<meta name=\"robots\" content=\"index, follow, max-snippet:-1, max-image-preview:large, max-video-preview:-1\" \/>\n<!-- \/ Yoast SEO plugin. -->","yoast_head_json":{"title":"Mujeres rumanas \u00a0en \u00a0agencias de citas","description":"30 a\u00f1os despu\u00e9s del cambio, Rumania es el pa\u00eds m\u00e1s pobre de la Comunidad Europea. La pobreza, la violaci\u00f3n por parte de familiares est\u00e1n a la orden del d\u00eda y la violencia dom\u00e9stica llevan a muchas j\u00f3venes rumanas que ya tienen varios hijos en casa a la prostituci\u00f3n y al mercado matrimonial europeo.","robots":{"index":"index","follow":"follow","max-snippet":"max-snippet:-1","max-image-preview":"max-image-preview:large","max-video-preview":"max-video-preview:-1"},"schema":{"@context":"https:\/\/schema.org","@graph":[{"@type":"WebPage","@id":"https:\/\/www.eurodamen.com\/es\/mujeres-rumanas\/","url":"https:\/\/www.eurodamen.com\/es\/mujeres-rumanas\/","name":"Mujeres rumanas \u00a0en \u00a0agencias de citas","isPartOf":{"@id":"https:\/\/www.eurodamen.com\/es\/#website"},"datePublished":"2018-09-24T18:58:48+00:00","dateModified":"2020-10-15T18:30:34+00:00","description":"30 a\u00f1os despu\u00e9s del cambio, Rumania es el pa\u00eds m\u00e1s pobre de la Comunidad Europea. La pobreza, la violaci\u00f3n por parte de familiares est\u00e1n a la orden del d\u00eda y la violencia dom\u00e9stica llevan a muchas j\u00f3venes rumanas que ya tienen varios hijos en casa a la prostituci\u00f3n y al mercado matrimonial europeo.","breadcrumb":{"@id":"https:\/\/www.eurodamen.com\/es\/mujeres-rumanas\/#breadcrumb"},"inLanguage":"en-US","potentialAction":[{"@type":"ReadAction","target":["https:\/\/www.eurodamen.com\/es\/mujeres-rumanas\/"]}]},{"@type":"BreadcrumbList","@id":"https:\/\/www.eurodamen.com\/es\/mujeres-rumanas\/#breadcrumb","itemListElement":[{"@type":"ListItem","position":1,"name":"Home","item":"https:\/\/www.eurodamen.com\/es\/"},{"@type":"ListItem","position":2,"name":"Mujeres rumanas"}]},{"@type":"WebSite","@id":"https:\/\/www.eurodamen.com\/es\/#website","url":"https:\/\/www.eurodamen.com\/es\/","name":"eurodamen.com","description":"Partnervermittlung fur den anspruchsvollen Kunden","potentialAction":[{"@type":"SearchAction","target":{"@type":"EntryPoint","urlTemplate":"https:\/\/www.eurodamen.com\/es\/?s={search_term_string}"},"query-input":{"@type":"PropertyValueSpecification","valueRequired":true,"valueName":"search_term_string"}}],"inLanguage":"en-US"}]}},"_links":{"self":[{"href":"https:\/\/www.eurodamen.com\/es\/wp-json\/wp\/v2\/pages\/823","targetHints":{"allow":["GET"]}}],"collection":[{"href":"https:\/\/www.eurodamen.com\/es\/wp-json\/wp\/v2\/pages"}],"about":[{"href":"https:\/\/www.eurodamen.com\/es\/wp-json\/wp\/v2\/types\/page"}],"author":[{"embeddable":true,"href":"https:\/\/www.eurodamen.com\/es\/wp-json\/wp\/v2\/users\/1"}],"replies":[{"embeddable":true,"href":"https:\/\/www.eurodamen.com\/es\/wp-json\/wp\/v2\/comments?post=823"}],"version-history":[{"count":24,"href":"https:\/\/www.eurodamen.com\/es\/wp-json\/wp\/v2\/pages\/823\/revisions"}],"predecessor-version":[{"id":3402,"href":"https:\/\/www.eurodamen.com\/es\/wp-json\/wp\/v2\/pages\/823\/revisions\/3402"}],"wp:attachment":[{"href":"https:\/\/www.eurodamen.com\/es\/wp-json\/wp\/v2\/media?parent=823"}],"curies":[{"name":"wp","href":"https:\/\/api.w.org\/{rel}","templated":true}]}}