{"id":800,"date":"2013-09-23T21:03:20","date_gmt":"2013-09-23T19:03:20","guid":{"rendered":"http:\/\/www.eurodamen.com\/?page_id=800"},"modified":"2019-03-07T13:11:58","modified_gmt":"2019-03-07T13:11:58","slug":"incontri-in-ucraina","status":"publish","type":"page","link":"https:\/\/www.eurodamen.com\/it\/incontri-in-ucraina\/","title":{"rendered":"Incontri in Ucraina"},"content":{"rendered":"<h2>Primo appuntamento con una donna ucraina: meglio in Italia o in Ucraina?<\/h2>\n<p><img loading=\"lazy\" decoding=\"async\" class=\"alignleft wp-image-810 size-medium\" src=\"http:\/\/www.eurodamen.com\/wp-content\/uploads\/2013\/09\/ukrainische-frau-treffen-300x212.jpg\" alt=\"h\" width=\"300\" height=\"212\">Ultimamente sempre pi\u00f9 uomini sono troppo pigri per recarsi nel paese d&#8217;origine della donna e preferirebbero riceverla comodamente a casa loro. Sentiamo spesso scuse legate al tempo e all&#8217;impossibilit\u00e0 di lasciare il proprio lavoro, alcuni inoltre aggiungono che sia meglio ospitare inizialmente la donna in Italia per darle una prima impressione sul paese. Molti uomini cascano cos\u00ec nella trappola di offrire alla donna single conosciuta su qualche sito di dating online alte somme di denaro per permetterle di pagare i (presunti) visto e volo. La truffa arriva quando all&#8217;aeroporto non si presenta proprio nessuna&#8230;<\/p>\n<p>Ma non \u00e8 finita, anzi solitamente il gioco va ancora avanti per due o tre volte. &#8221;Il visto non \u00e8 stato accettato e devo farne uno nuovo&#8221;, &#8221;mia mamma \u00e8 malata e non posso permettermi di pagarle le cure necessarie&#8221;. Queste sono le scuse pi\u00f9 comuni che si sentono ripetere questi uomini, ma spesso per loro \u00e8 difficile riuscire a capire che le donne in questione non hanno proprio nessuna intenzione di conoscerli.<\/p>\n<p>Che sia quindi chiaro a tutti coloro che cercano una donna straniera: mai nessuna verr\u00e0 in Italia al primo appuntamento.<br \/>\nInfatti le donne russe e le donne ucraine con intelligenza e carattere vogliono conoscere un uomo nel loro ambiente, nel loro paese, e non cercano sicuramente un appuntamento al buio con uno sconosciuto, tanto pi\u00f9 lontano da casa. Questo d\u00e0 loro un senso di sicurezza che voi uomini dovete assolutamente rispettare.<\/p>\n<p>Economicamente parlando la scelta di affidarsi ad un&#8217;agenzia d&#8217;incontri per l&#8217;Ucraina e la Russia \u00e8 paradossalmente meno costosa e complicata rispetto a quella di cercare il numero di una donna su siti stranieri poco noti. Oltre ad offrire assistenza per ogni necessit\u00e0 dei clienti, un&#8217;agenzia matrimoniale seria mostra sempre in modo trasparente i prezzi dei servizi.<br \/>\nRivolgersi ad un&#8217;agenzia d&#8217;incontri internazionale che opera dall&#8217;Italia e che possiede anche una sede in Ucraina rappresenta la scelta pi\u00f9 responsabile e sicura per l&#8217;uomo che cerca una relazione autentica con la donna giusta.<\/p>\n<p>Dato che conosciamo personalmente ogni ragazza iscritta alla nostra agenzia di incontri, ti comunicheremo subito quale pu\u00f2 essere interessata a te. In caso la donna fosse veramente disponibile a incontrarti, la nostra agenzia matrimoniale penser\u00e0 a organizzare tutto per il vostro primo appuntamento.<br \/>\nUna volta che vi siete conosciuti e (se) vi piacete a vicenda, il nostro servizio di dating organizzer\u00e0 un secondo incontro per permettervi di approfondire di pi\u00f9 il rapporto. Se sboccia l&#8217;amore, allora \u00e8 il caso che la donna venga a trovarti in Italia!<\/p>\n<p>Attenzione: se non volete sprecare soldi inutilmente, il primo appuntamento dovr\u00e0 sempre avvenire nel paese d&#8217;origine della donna!<\/p>\n","protected":false},"excerpt":{"rendered":"<p>Primo appuntamento con una donna ucraina: meglio in Italia o in Ucraina? Ultimamente sempre pi\u00f9 uomini sono troppo pigri per recarsi nel paese d&#8217;origine della donna e preferirebbero riceverla comodamente a casa loro. Sentiamo spesso scuse legate al tempo e <br \/><a class=\"read-more\" href=\"https:\/\/www.eurodamen.com\/it\/incontri-in-ucraina\/\">&gt;&gt;&gt; zum kompletten Artikel<\/a><\/p>\n","protected":false},"author":1,"featured_media":0,"parent":0,"menu_order":0,"comment_status":"open","ping_status":"open","template":"onecolumn-page.php","meta":{"footnotes":""},"class_list":["post-800","page","type-page","status-publish","hentry"],"_links":{"self":[{"href":"https:\/\/www.eurodamen.com\/it\/wp-json\/wp\/v2\/pages\/800","targetHints":{"allow":["GET"]}}],"collection":[{"href":"https:\/\/www.eurodamen.com\/it\/wp-json\/wp\/v2\/pages"}],"about":[{"href":"https:\/\/www.eurodamen.com\/it\/wp-json\/wp\/v2\/types\/page"}],"author":[{"embeddable":true,"href":"https:\/\/www.eurodamen.com\/it\/wp-json\/wp\/v2\/users\/1"}],"replies":[{"embeddable":true,"href":"https:\/\/www.eurodamen.com\/it\/wp-json\/wp\/v2\/comments?post=800"}],"version-history":[{"count":6,"href":"https:\/\/www.eurodamen.com\/it\/wp-json\/wp\/v2\/pages\/800\/revisions"}],"predecessor-version":[{"id":3340,"href":"https:\/\/www.eurodamen.com\/it\/wp-json\/wp\/v2\/pages\/800\/revisions\/3340"}],"wp:attachment":[{"href":"https:\/\/www.eurodamen.com\/it\/wp-json\/wp\/v2\/media?parent=800"}],"curies":[{"name":"wp","href":"https:\/\/api.w.org\/{rel}","templated":true}]}}